{"id":10391,"date":"2015-10-24T05:19:22","date_gmt":"2015-10-24T05:19:22","guid":{"rendered":"http:\/\/www.dromon-ate.com\/archiki\/"},"modified":"2020-10-14T12:25:42","modified_gmt":"2020-10-14T10:25:42","slug":"startseite","status":"publish","type":"page","link":"https:\/\/dromon-ate.com\/de\/","title":{"rendered":"STARTSEITE"},"content":{"rendered":"<div class=\"wpb-content-wrapper\"><p>[vc_row bg_style=&#8220;bg-normal&#8220; center_row=&#8220;yes&#8220; css=&#8220;.vc_custom_1445682138266{padding-top: 30px !important;padding-bottom: 30px !important;}&#8220;][vc_column][vc_column_text]<\/p>\n<h1 style=\"text-align: center;\">ASPHALTARBEITEN THESSALONIKI<\/h1>\n<p>[\/vc_column_text][\/vc_column][\/vc_row][vc_row bg_style=&#8220;dark-wrapper&#8220; center_row=&#8220;yes&#8220; typo_style=&#8220;light&#8220; css=&#8220;.vc_custom_1441791474829{padding-top: 45px !important;padding-bottom: 45px !important;}&#8220;][vc_column]<style type=\"text\/css\" scoped>#feature-box-1 .grid-item .grid-box-inner .grid-icon { color:#222222; }\n#feature-box-1 .grid-item:hover .grid-box-inner .icon-hv-color .grid-icon { color:#ffffff; }\n<\/style><div class=\"zozo-feature-box feature-box-style style-default-box style-sep-yes  wpb_animate_when_almost_visible wpb_left-to-right\" id=\"feature-box-1\"><div class=\"grid-item\"><div class=\"grid-box-inner grid-text-left grid-box-image grid-shape-none\"><div class=\"grid-content-wrapper\"><h2 class=\"grid-title text-center \" >DROMON TECHNISCHE-KONSTRUKTION S.A.<\/h2><div class=\"grid-desc\" ><p>Das Unternehmen DROMON TECHNISCHE-KONSTRUKTION S.A. aus <strong>Thessaloniki <\/strong>ist seit 1968 im Bereich der Asphaltarbeiten aktiv. In all diesen Jahren folgten wir einem aufsteigenden Kurs und heute ist das Unternehmen f\u00fchrend bei \u00f6ffentlichen und privaten Projekten sowie bei der Herstellung von und dem Handel mit Asphaltbeton. Mit unseren erfahrenen, spezialisierten Mitarbeitern und unserer herausragenden Ausr\u00fcstung kann das Unternehmen Produkte und Dienstleistungen von ausgezeichneter Qualit\u00e4t anbieten, die jede Anforderung der Kunden erf\u00fcllen.<\/p>\n<\/div><\/div><\/div><\/div><\/div>[\/vc_column][\/vc_row][vc_row bg_style=&#8220;dark-wrapper&#8220; center_row=&#8220;yes&#8220; typo_style=&#8220;light&#8220; bg_type=&#8220;bg_color&#8220; css=&#8220;.vc_custom_1602671138855{padding-top: 45px !important;padding-bottom: 45px !important;}&#8220; bg_color_value=&#8220;#c4c4c4&#8243;][vc_column][vc_video link=&#8220;https:\/\/www.youtube.com\/watch?v=IXD4A1Q6bUs&#8220; align=&#8220;center&#8220;][\/vc_column][\/vc_row][vc_row center_row=&#8220;yes&#8220;][vc_column]<div class=\"zozo-parallax-header\"><div class=\"parallax-header\"><h3 class=\"parallax-title text-left\">WAS MACHEN WIR?<\/h3><\/div><\/div><div class=\"zozo-content-carousel-wrapper wpb_animate_when_almost_visible wpb_bottom-to-top\"><div id=\"zozo-content-carousel1\" class=\"zozo-owl-carousel owl-carousel content-carousel-slider\" data-items=\"4\"  data-slideby=\"2\"  data-items-tablet=\"2\"  data-items-mobile-landscape=\"1\"  data-items-mobile-portrait=\"1\"  data-margin=\"30\"  data-autoplay=\"false\"  data-autoplay-timeout=\"5000\"  data-loop=\"false\"  data-pagination=\"false\"  data-navigation=\"true\" ><p>[vc_row_inner][vc_column_inner]<div class=\"zozo-feature-box feature-box-style zozo-img-hover zozo-img-hover-fade-out style-info-box style-box-with-bg style-sep-yes \" id=\"feature-box-2\"><div class=\"grid-item\"><div class=\"grid-box-inner grid-text-left grid-box-image grid-shape-none\"><div class=\"grid-image-wrapper zozo-image-wrapper img-none\"><a href=\"\/erga\/dimosia-erga\/\" title=\"\" target=\"_self\"><img decoding=\"async\" width=\"495\" height=\"320\" src=\"https:\/\/dromon-ate.com\/wp-content\/uploads\/2016\/06\/diamorfosi-eisodou-eksodou-n-kalikrateias1-495x320.jpg\" class=\"img-none attachment-theme-mid\" alt=\"\u0394\u03b9\u03b1\u03bc\u03cc\u03c1\u03c6\u03c9\u03c3\u03b7\u039a\u03cc\u03bc\u03b2\u03bf\u03c5\u0395\u03b9\u03c3\u03cc\u03b4\u03bf\u03c5 \u0395\u03be\u03cc\u03b4\u03bf\u03c5\u039d.\u039a\u03b1\u03b1\u03bb\u03bb\u03b9\u03ba\u03c1\u03ac\u03c4\u03b5\u03b9\u03b1\u03c2\" title=\"\u0394\u03b9\u03b1\u03bc\u03cc\u03c1\u03c6\u03c9\u03c3\u03b7 \u039a\u03cc\u03bc\u03b2\u03bf\u03c5 \u0395\u03b9\u03c3\u03cc\u03b4\u03bf\u03c5 - \u0395\u03be\u03cc\u03b4\u03bf\u03c5 \u039d. \u039a\u03b1\u03bb\u03bb\u03b9\u03ba\u03c1\u03ac\u03c4\u03b5\u03b9\u03b1\u03c2\" \/><\/a><\/div><div class=\"grid-content-wrapper\"><a href=\"\/erga\/dimosia-erga\/\" title=\"\" target=\"_self\"><h5 class=\"grid-title \" >\u00d6ffentliche Ausschreibungen<\/h5><\/a><div class=\"grid-desc\" ><p>Wir haben eine gro\u00dfe Anzahl \u00f6ffentlicher Projekte durchgef\u00fchrt, entweder als Auftragnehmer oder als Subunternehmen, und wir f\u00fchren weiterhin neue Arbeiten erfolgreich durch.<\/p>\n<\/div><div class=\"grid-button\"><a href=\"\/de\/projekte\/oeffentliche-arbeiten\/\" class=\"btn btn-fbox-more\" title=\"\" target=\"_self\">Mehr<\/a><\/div><\/div><\/div><\/div><\/div>[\/vc_column_inner][\/vc_row_inner][vc_row_inner][vc_column_inner]<div class=\"zozo-feature-box feature-box-style zozo-img-hover zozo-img-hover-fade-out style-info-box style-box-with-bg style-sep-yes \" id=\"feature-box-3\"><div class=\"grid-item\"><div class=\"grid-box-inner grid-text-left grid-box-image grid-shape-none\"><div class=\"grid-image-wrapper zozo-image-wrapper img-none\"><a href=\"\/erga\/idiotika-erga\/\" title=\"\" target=\"_self\"><img decoding=\"async\" width=\"500\" height=\"320\" src=\"https:\/\/dromon-ate.com\/wp-content\/uploads\/2016\/06\/01-500x320.jpg\" class=\"img-none attachment-theme-mid\" alt=\"Projekt der \u201eBank von Griechenland S.A.\u201c in den privaten Bereichen in Thermi\" title=\"Projekt der \u201eBank von Griechenland S.A.\u201c in den privaten Bereichen in Thermi\" \/><\/a><\/div><div class=\"grid-content-wrapper\"><a href=\"\/erga\/idiotika-erga\/\" title=\"\" target=\"_self\"><h5 class=\"grid-title \" >Private Projekte<\/h5><\/a><div class=\"grid-desc\" ><p>Mit unserer Erfahrung \u00fcbernehmen wir auch private Bauprojekte, vor allem im Bereich Landschaftsbau.<\/p>\n<\/div><div class=\"grid-button\"><a href=\"\/de\/projekte\/private-projekte\/\" class=\"btn btn-fbox-more\" title=\"\" target=\"_self\">Mehr<\/a><\/div><\/div><\/div><\/div><\/div>[\/vc_column_inner][\/vc_row_inner][vc_row_inner][vc_column_inner]<div class=\"zozo-feature-box feature-box-style zozo-img-hover zozo-img-hover-fade-out style-info-box style-box-with-bg style-sep-yes \" id=\"feature-box-4\"><div class=\"grid-item\"><div class=\"grid-box-inner grid-text-left grid-box-image grid-shape-none\"><div class=\"grid-image-wrapper zozo-image-wrapper img-none\"><a href=\"\/ypiresies\/\" title=\"\" target=\"_self\"><img decoding=\"async\" width=\"500\" height=\"320\" src=\"https:\/\/dromon-ate.com\/wp-content\/uploads\/2016\/06\/dimosia-erga1-500x320.jpg\" class=\"img-none attachment-theme-mid\" alt=\"dimosia erga\" title=\"dimosia-erga1\" \/><\/a><\/div><div class=\"grid-content-wrapper\"><a href=\"\/ypiresies\/\" title=\"\" target=\"_self\"><h5 class=\"grid-title \" >Integriertes Projektmanagement<\/h5><\/a><div class=\"grid-desc\" ><p>Wir bieten ein garantiertes, integriertes Projektmanagement mit detaillierten Fortschrittsberichten w\u00e4hrend der Bauarbeiten.<\/p>\n<\/div><div class=\"grid-button\"><a href=\"\/de\/dienstleistungen\/\" class=\"btn btn-fbox-more\" title=\"\" target=\"_self\">Mehr<\/a><\/div><\/div><\/div><\/div><\/div>[\/vc_column_inner][\/vc_row_inner][vc_row_inner][vc_column_inner]<div class=\"zozo-feature-box feature-box-style last-what-we-do zozo-img-hover zozo-img-hover-fade-out style-info-box style-box-with-bg style-sep-yes \" id=\"feature-box-5\"><div class=\"grid-item\"><div class=\"grid-box-inner grid-text-left grid-box-image grid-shape-none\"><div class=\"grid-image-wrapper zozo-image-wrapper img-none\"><a href=\"\/egkatastasis-exoplismos\/\" title=\"\" target=\"_self\"><img decoding=\"async\" width=\"500\" height=\"320\" src=\"https:\/\/dromon-ate.com\/wp-content\/uploads\/2015\/12\/egkatastasi-eksoplismos-500x320.jpg\" class=\"img-none attachment-theme-mid\" alt=\"egkatastasi eksoplismos\" title=\"egkatastasi-eksoplismos\" \/><\/a><\/div><div class=\"grid-content-wrapper\"><a href=\"\/egkatastasis-exoplismos\/\" title=\"\" target=\"_self\"><h5 class=\"grid-title \" >Produktion &amp; Handel von Asphaltbeton<\/h5><\/a><div class=\"grid-desc\" ><p>In unseren Anlagen haben wir eine moderne, hochleistungsf\u00e4hige Herstellungsanlage, die umweltfreundlich arbeitet.<\/p>\n<\/div><div class=\"grid-button\"><a href=\"\/de\/anlagen-ausruestung\/\" class=\"btn btn-fbox-more\" title=\"\" target=\"_self\">Mehr<\/a><\/div><\/div><\/div><\/div><\/div>[\/vc_column_inner][\/vc_row_inner]<\/p>\n<\/div><\/div>[\/vc_column][\/vc_row][vc_row bg_style=&#8220;grey-wrapper&#8220; center_row=&#8220;yes&#8220;][vc_column]<div class=\"zozo-parallax-header\"><div class=\"parallax-header\"><h4 class=\"parallax-title text-left\">WARUM SOLLTEN SIE UNS W\u00c4HLEN?<\/h4><\/div><\/div>[vc_row_inner][vc_column_inner width=&#8220;1\/2&#8243; offset=&#8220;vc_col-lg-4 vc_col-md-4&#8243;]<div class=\"zozo-feature-box feature-box-style style-default-box style-sep-yes \" id=\"feature-box-6\"><div class=\"grid-item\"><div class=\"grid-box-inner grid-text-left grid-box-medium grid-box-icon-rounded grid-icon-shape grid-shape-none\"><div class=\"grid-icon-wrapper icon-hv-bg-icon shape-icon-rounded\"><i class=\"icomoon2 icomoon2-linegraph grid-icon zozo-icon icon-shape icon-rounded icon-skin-default icon-bg pattern-1 icon-medium\"><\/i><\/div><div class=\"grid-content-wrapper\"><h5 class=\"grid-title \" >Viele Jahre Erfahrung<\/h5><div class=\"grid-desc\" ><p>Aufgrund unserer langen Zeit in diesem Bereich haben wir zahlreiche Erfahrungen und ein tiefes Verst\u00e4ndnis f\u00fcr das Gesch\u00e4ft.<\/p>\n<\/div><\/div><\/div><\/div><\/div><div class=\"zozo-feature-box feature-box-style style-default-box style-sep-yes \" id=\"feature-box-7\"><div class=\"grid-item\"><div class=\"grid-box-inner grid-text-left grid-box-medium grid-box-icon-rounded grid-icon-shape grid-shape-none\"><div class=\"grid-icon-wrapper icon-hv-bg-icon shape-icon-rounded\"><i class=\"flaticon flaticon-worker5 grid-icon zozo-icon icon-shape icon-rounded icon-skin-default icon-bg pattern-1 icon-medium\"><\/i><\/div><div class=\"grid-content-wrapper\"><h5 class=\"grid-title \" >Spezialisierte Mitarbeiter<\/h5><div class=\"grid-desc\" ><p>Unsere gut ausgebildeten Mitarbeiter bieten Dienstleistungen in bester Qualit\u00e4t im Projektbau und bei der Herstellung und im Handel von Asphaltbeton.<\/p>\n<\/div><\/div><\/div><\/div><\/div>[\/vc_column_inner][vc_column_inner width=&#8220;1\/2&#8243; offset=&#8220;vc_col-lg-4 vc_col-md-4&#8243;]<div class=\"zozo-feature-box feature-box-style style-default-box style-sep-yes \" id=\"feature-box-8\"><div class=\"grid-item\"><div class=\"grid-box-inner grid-text-left grid-box-medium grid-box-icon-rounded grid-icon-shape grid-shape-none\"><div class=\"grid-icon-wrapper icon-hv-bg-icon shape-icon-rounded\"><i class=\"icomoon1 icomoon-star grid-icon zozo-icon icon-shape icon-rounded icon-skin-default icon-bg pattern-1 icon-medium\"><\/i><\/div><div class=\"grid-content-wrapper\"><h5 class=\"grid-title \" >Zertifizierte, hochqualitative Produkte<\/h5><div class=\"grid-desc\" ><p>Unser erkl\u00e4rtes Ziel ist es, dass unsere Produkte und Dienstleistungen die W\u00fcnsche und Erwartungen unserer Kunden vollst\u00e4ndig erf\u00fcllen.<\/p>\n<\/div><\/div><\/div><\/div><\/div><div class=\"zozo-feature-box feature-box-style style-default-box style-sep-yes \" id=\"feature-box-9\"><div class=\"grid-item\"><div class=\"grid-box-inner grid-text-left grid-box-medium grid-box-icon-rounded grid-icon-shape grid-shape-none\"><div class=\"grid-icon-wrapper icon-hv-bg-icon shape-icon-rounded\"><i class=\"flaticon flaticon-33 grid-icon zozo-icon icon-shape icon-rounded icon-skin-default icon-bg pattern-1 icon-medium\"><\/i><\/div><div class=\"grid-content-wrapper\"><h5 class=\"grid-title \" >Hohe Produktionskapazit\u00e4t<\/h5><div class=\"grid-desc\" ><p>Indem wir unsere Kapazit\u00e4t erh\u00f6hen, wollen wir weiter aufsteigen und ein f\u00e4higer Wettbewerber auf dem Markt bleiben.<\/p>\n<\/div><\/div><\/div><\/div><\/div>[\/vc_column_inner][vc_column_inner offset=&#8220;vc_col-lg-4 vc_col-md-4&#8243;]<div class=\"zozo-feature-box feature-box-style zozo-img-hover zozo-img-hover-fade-out style-info-box style-box-without-bg style-sep-yes  wpb_animate_when_almost_visible wpb_bottom-to-top\" id=\"feature-box-10\"><div class=\"grid-item\"><div class=\"grid-box-inner grid-text-left grid-box-normal grid-box-icon-none grid-shape-none\"><div class=\"grid-image-wrapper zozo-image-wrapper img-none\"><img decoding=\"async\" width=\"500\" height=\"320\" src=\"https:\/\/dromon-ate.com\/wp-content\/uploads\/2015\/12\/egkatastasi-eksoplismos-500x320.jpg\" class=\"img-none attachment-theme-mid\" alt=\"egkatastasi eksoplismos\" title=\"egkatastasi-eksoplismos\" \/><\/div><div class=\"grid-content-wrapper\"><div class=\"grid-desc\" ><p>2015 hat das Unternehmen begonnen, eine moderne Herstellungsanlage f\u00fcr alle Arten von Asphaltbeton und mit einer hohen Kapazit\u00e4t, zu betreiben.<\/p>\n<\/div><\/div><\/div><\/div><\/div>[\/vc_column_inner][\/vc_row_inner][\/vc_column][\/vc_row][vc_row parallax=&#8220;content-moving&#8220; center_row=&#8220;yes&#8220; typo_style=&#8220;light&#8220; bg_type=&#8220;bg_color&#8220; enable_overlay=&#8220;enable_overlay_value&#8220; overlay_color=&#8220;rgba(27,39,61,0.75)&#8220; overlay_pattern=&#8220;05.png&#8220; css=&#8220;.vc_custom_1467190108890{background-color: #000000 !important;}&#8220; bg_color_value=&#8220;#000000&#8243;][vc_column width=&#8220;1\/4&#8243; css=&#8220;.vc_custom_1438846785120{padding-top: 20px !important;}&#8220;][vc_column_text css_animation=&#8220;left-to-right&#8220;]<\/p>\n<h3 class=\"text-uppercase\">KONSTRUKTION \u00d6FFENTLICHER &amp; PRIVATER PROJEKTE<\/h3>\n<p>[\/vc_column_text][\/vc_column][vc_column width=&#8220;3\/4&#8243;][vc_row_inner][vc_column_inner width=&#8220;1\/3&#8243;]<div id=\"zozo-counter-1\" class=\"zozo-counter-wrapper text-uppercase wpb_animate_when_almost_visible wpb_bottom-to-top\"><div class=\"counter-item zozo-counter\"><div class=\"counter-icon\"><i class=\"flaticon flaticon-constructor4\"><\/i><\/div><div class=\"counter-info\"><div class=\"zozo-count-number text-center\" data-count=\"35\"><h3 class=\"counter zozo-counter-count\">0<\/h3><\/div><div class=\"counter-title text-center\"><h5>ANZAHL MITARBEITER<\/h5><\/div><\/div><\/div><\/div>[\/vc_column_inner][vc_column_inner width=&#8220;1\/3&#8243;]<div id=\"zozo-counter-2\" class=\"zozo-counter-wrapper text-uppercase wpb_animate_when_almost_visible wpb_bottom-to-top\"><div class=\"counter-item zozo-counter\"><div class=\"counter-icon\"><i class=\"icomoon1 icomoon-road\"><\/i><\/div><div class=\"counter-info\"><div class=\"zozo-count-number text-center\" data-count=\"1080\"><h3 class=\"counter zozo-counter-count\">0<\/h3><\/div><div class=\"counter-title text-center\"><h5>ANZAHL PROJEKTE<\/h5><\/div><\/div><\/div><\/div>[\/vc_column_inner][vc_column_inner width=&#8220;1\/3&#8243;]<div id=\"zozo-counter-3\" class=\"zozo-counter-wrapper text-uppercase wpb_animate_when_almost_visible wpb_bottom-to-top\"><div class=\"counter-item zozo-counter\"><div class=\"counter-icon\"><i class=\"flaticon flaticon-construction17\"><\/i><\/div><div class=\"counter-info\"><div class=\"zozo-count-number text-center\" data-count=\"46\"><h3 class=\"counter zozo-counter-count\">0<\/h3><\/div><div class=\"counter-title text-center\"><h5>ANZAHL MASCHINEN<\/h5><\/div><\/div><\/div><\/div>[\/vc_column_inner][\/vc_row_inner][\/vc_column][\/vc_row][vc_row full_width=&#8220;stretch_row_content_no_spaces&#8220; bg_style=&#8220;bg-normal&#8220; css=&#8220;.vc_custom_1438516632700{padding-top: 0px !important;padding-bottom: 0px !important;}&#8220;][vc_column typo_style=&#8220;&#8220;][vc_cta h2=&#8220;Haben Sie Fragen?&#8220; txt_align=&#8220;center&#8220; shape=&#8220;square&#8220; style=&#8220;custom&#8220; add_button=&#8220;right&#8220; btn_title=&#8220;Kontaktieren Sie uns&#8220; btn_style=&#8220;transparent&#8220; btn_link=&#8220;url:%2Fde%2Fkontakt%2F|||&#8220;][\/vc_cta][\/vc_column][\/vc_row]<\/p>\n<\/div>","protected":false},"excerpt":{"rendered":"<p>[vc_row bg_style=&#8220;bg-normal&#8220; center_row=&#8220;yes&#8220; css=&#8220;.vc_custom_1445682138266{padding-top: 30px !important;padding-bottom: 30px !important;}&#8220;][vc_column][vc_column_text] ASPHALTARBEITEN THESSALONIKI [\/vc_column_text][\/vc_column][\/vc_row][vc_row bg_style=&#8220;dark-wrapper&#8220; center_row=&#8220;yes&#8220; typo_style=&#8220;light&#8220; css=&#8220;.vc_custom_1441791474829{padding-top: 45px !important;padding-bottom: 45px !important;}&#8220;][vc_column][\/vc_column][\/vc_row][vc_row bg_style=&#8220;dark-wrapper&#8220; center_row=&#8220;yes&#8220; typo_style=&#8220;light&#8220; bg_type=&#8220;bg_color&#8220; css=&#8220;.vc_custom_1602671138855{padding-top: 45px !important;padding-bottom: 45px !important;}&#8220; bg_color_value=&#8220;#c4c4c4&#8243;][vc_column][vc_video link=&#8220;https:\/\/www.youtube.com\/watch?v=IXD4A1Q6bUs&#8220;&#8230;<\/p>\n","protected":false},"author":3,"featured_media":0,"parent":0,"menu_order":0,"comment_status":"closed","ping_status":"closed","template":"template-fullwidth.php","meta":{"_exactmetrics_skip_tracking":false,"_exactmetrics_sitenote_active":false,"_exactmetrics_sitenote_note":"","_exactmetrics_sitenote_category":0,"footnotes":""},"class_list":["post-10391","page","type-page","status-publish","hentry"],"_links":{"self":[{"href":"https:\/\/dromon-ate.com\/de\/wp-json\/wp\/v2\/pages\/10391","targetHints":{"allow":["GET"]}}],"collection":[{"href":"https:\/\/dromon-ate.com\/de\/wp-json\/wp\/v2\/pages"}],"about":[{"href":"https:\/\/dromon-ate.com\/de\/wp-json\/wp\/v2\/types\/page"}],"author":[{"embeddable":true,"href":"https:\/\/dromon-ate.com\/de\/wp-json\/wp\/v2\/users\/3"}],"replies":[{"embeddable":true,"href":"https:\/\/dromon-ate.com\/de\/wp-json\/wp\/v2\/comments?post=10391"}],"version-history":[{"count":0,"href":"https:\/\/dromon-ate.com\/de\/wp-json\/wp\/v2\/pages\/10391\/revisions"}],"wp:attachment":[{"href":"https:\/\/dromon-ate.com\/de\/wp-json\/wp\/v2\/media?parent=10391"}],"curies":[{"name":"wp","href":"https:\/\/api.w.org\/{rel}","templated":true}]}}