{"id":10402,"date":"2015-10-26T12:41:59","date_gmt":"2015-10-26T12:41:59","guid":{"rendered":"http:\/\/www.dromon-ate.com\/ypiresies\/"},"modified":"2022-07-04T12:22:23","modified_gmt":"2022-07-04T10:22:23","slug":"dienstleistungen","status":"publish","type":"page","link":"https:\/\/dromon-ate.com\/de\/dienstleistungen\/","title":{"rendered":"DIENSTLEISTUNGEN"},"content":{"rendered":"<div class=\"wpb-content-wrapper\"><p>[vc_row center_row=&#8220;yes&#8220; css=&#8220;.vc_custom_1467275319939{margin-top: 0px !important;margin-bottom: 0px !important;}&#8220;][vc_column][vc_column_text]<\/p>\n<h4>Das Unternehmen ist im Bereich privater und \u00f6ffentlicher Konstruktion sowie bei der Produktion und dem Handel von Asphaltbeton aktiv.<\/h4>\n<p>[\/vc_column_text][vc_row_inner][vc_column_inner width=&#8220;1\/3&#8243;]<div class=\"zozo-feature-box feature-box-style zozo-img-hover zozo-img-hover-fade-out style-info-box style-box-without-bg style-sep-yes \" id=\"feature-box-1\"><div class=\"grid-item\"><div class=\"grid-box-inner grid-text-left grid-box-image grid-shape-none\"><div class=\"grid-image-wrapper zozo-image-wrapper img-none\"><a href=\"\/erga\/dimosia-erga\/\" title=\"\" target=\"_self\"><img decoding=\"async\" width=\"495\" height=\"320\" src=\"https:\/\/dromon-ate.com\/wp-content\/uploads\/2016\/06\/diamorfosi-eisodou-eksodou-n-kalikrateias1-495x320.jpg\" class=\"img-none attachment-theme-mid\" alt=\"\u0394\u03b9\u03b1\u03bc\u03cc\u03c1\u03c6\u03c9\u03c3\u03b7\u039a\u03cc\u03bc\u03b2\u03bf\u03c5\u0395\u03b9\u03c3\u03cc\u03b4\u03bf\u03c5 \u0395\u03be\u03cc\u03b4\u03bf\u03c5\u039d.\u039a\u03b1\u03b1\u03bb\u03bb\u03b9\u03ba\u03c1\u03ac\u03c4\u03b5\u03b9\u03b1\u03c2\" title=\"\u0394\u03b9\u03b1\u03bc\u03cc\u03c1\u03c6\u03c9\u03c3\u03b7 \u039a\u03cc\u03bc\u03b2\u03bf\u03c5 \u0395\u03b9\u03c3\u03cc\u03b4\u03bf\u03c5 - \u0395\u03be\u03cc\u03b4\u03bf\u03c5 \u039d. \u039a\u03b1\u03bb\u03bb\u03b9\u03ba\u03c1\u03ac\u03c4\u03b5\u03b9\u03b1\u03c2\" \/><\/a><\/div><div class=\"grid-content-wrapper\"><a href=\"\/erga\/dimosia-erga\/\" title=\"\" target=\"_self\"><h5 class=\"grid-title text-uppercase\" >\u00d6ffentliche Ausschreibungen<\/h5><\/a><div class=\"grid-desc\" ><p>In den Jahren seines Bestehens hat das Unternehmen eine gro\u00dfe Anzahl Arbeiten (Stra\u00dfenarbeiten, Kanalisationsarbeiten, hydraulische Projekte, etc.) als Auftragnehmer oder Subunternehmer durchgef\u00fchrt und dabei einen immer gr\u00f6\u00dferen Anteil der anstehenden Arbeiten in der Pr\u00e4fektur Thessaloniki und den benachbarten Pr\u00e4fekturen \u00fcbernommen.<\/p>\n<\/div><div class=\"grid-button\"><a href=\"\/de\/projekte\/oeffentliche-arbeiten\/\" class=\"btn btn-fbox-more\" title=\"\" target=\"_self\">Mehr<\/a><\/div><\/div><\/div><\/div><\/div>[\/vc_column_inner][vc_column_inner width=&#8220;1\/3&#8243;]<div class=\"zozo-feature-box feature-box-style zozo-img-hover zozo-img-hover-fade-out style-info-box style-box-without-bg style-sep-yes \" id=\"feature-box-2\"><div class=\"grid-item\"><div class=\"grid-box-inner grid-text-left grid-box-image grid-shape-none\"><div class=\"grid-image-wrapper zozo-image-wrapper img-none\"><a href=\"\/erga\/idiotika-erga\/\" title=\"\" target=\"_self\"><img decoding=\"async\" width=\"500\" height=\"320\" src=\"https:\/\/dromon-ate.com\/wp-content\/uploads\/2016\/06\/01-500x320.jpg\" class=\"img-none attachment-theme-mid\" alt=\"Projekt der \u201eBank von Griechenland S.A.\u201c in den privaten Bereichen in Thermi\" title=\"Projekt der \u201eBank von Griechenland S.A.\u201c in den privaten Bereichen in Thermi\" \/><\/a><\/div><div class=\"grid-content-wrapper\"><a href=\"\/erga\/idiotika-erga\/\" title=\"\" target=\"_self\"><h5 class=\"grid-title text-uppercase\" >Private Projekte<\/h5><\/a><div class=\"grid-desc\" ><p>Das Unternehmen f\u00fchrt Landschaftsarbeiten im Umgebungsbereich durch (Pflaster- und Asphaltarbeiten), da wir die Erfahrung und Ausstattung f\u00fcr ausgezeichnete Resultate haben.<\/p>\n<\/div><div class=\"grid-button\"><a href=\"\/de\/projekte\/private-projekte\/\" class=\"btn btn-fbox-more\" title=\"\" target=\"_self\">Mehr<\/a><\/div><\/div><\/div><\/div><\/div>[\/vc_column_inner][vc_column_inner width=&#8220;1\/3&#8243;]<div class=\"zozo-feature-box feature-box-style zozo-img-hover zozo-img-hover-fade-out style-info-box style-box-without-bg style-sep-yes \" id=\"feature-box-3\"><div class=\"grid-item\"><div class=\"grid-box-inner grid-text-left grid-box-image grid-shape-none\"><div class=\"grid-image-wrapper zozo-image-wrapper img-none\"><a href=\"\/eteria\/\" title=\"\" target=\"_self\"><img decoding=\"async\" width=\"500\" height=\"320\" src=\"https:\/\/dromon-ate.com\/wp-content\/uploads\/2016\/06\/dimosia-erga1-500x320.jpg\" class=\"img-none attachment-theme-mid\" alt=\"dimosia erga\" title=\"dimosia-erga1\" \/><\/a><\/div><div class=\"grid-content-wrapper\"><a href=\"\/eteria\/\" title=\"\" target=\"_self\"><h5 class=\"grid-title text-uppercase\" >Integriertes Projektmanagement<\/h5><\/a><div class=\"grid-desc\" ><p>Mit den Erfahrungen des Unternehmens bei der Betreuung von Konstruktionsarbeiten und mit unseren gut ausgebildeten Mitarbeitern k\u00f6nnen wir ein garantiertes, integriertes Projektmanagement anbieten und detaillierte Berichte w\u00e4hrend der Konstruktion erstellen.<\/p>\n<\/div><div class=\"grid-button\"><a href=\"\/de\/das-unternehmen\/\" class=\"btn btn-fbox-more\" title=\"\" target=\"_self\">Mehr<\/a><\/div><\/div><\/div><\/div><\/div>[\/vc_column_inner][\/vc_row_inner][\/vc_column][\/vc_row][vc_row center_row=&#8220;yes&#8220; css=&#8220;.vc_custom_1467275402269{padding-top: 50px !important;}&#8220;][vc_column][vc_column_text]<\/p>\n<h3>Projektmanagement Dienste:<\/h3>\n<p>[\/vc_column_text][vc_empty_space][\/vc_column][vc_column width=&#8220;1\/2&#8243;]<div class=\"zozo-features-list-wrapper vc-features-list\"><div class=\"features-list\"><div class=\"features-list-inner list-text-default\"><div class=\"features-icon\"><i class=\"fa fa-check-square list-icon\"><\/i><\/div><div class=\"list-desc\"><p>Kundenw\u00fcnsche identifizieren<\/p>\n<\/div><\/div><\/div><\/div><div class=\"zozo-features-list-wrapper vc-features-list\"><div class=\"features-list\"><div class=\"features-list-inner list-text-default\"><div class=\"features-icon\"><i class=\"fa fa-check-square list-icon\"><\/i><\/div><div class=\"list-desc\"><p>Koordination des Designteams<\/p>\n<\/div><\/div><\/div><\/div><div class=\"zozo-features-list-wrapper vc-features-list\"><div class=\"features-list\"><div class=\"features-list-inner list-text-default\"><div class=\"features-icon\"><i class=\"fa fa-check-square list-icon\"><\/i><\/div><div class=\"list-desc\"><p>Erstellung eines Zeitplans<\/p>\n<\/div><\/div><\/div><\/div><div class=\"zozo-features-list-wrapper vc-features-list\"><div class=\"features-list\"><div class=\"features-list-inner list-text-default\"><div class=\"features-icon\"><i class=\"fa fa-check-square list-icon\"><\/i><\/div><div class=\"list-desc\"><p>Erstellung von Ausschreibungsunterlagen<\/p>\n<\/div><\/div><\/div><\/div>[\/vc_column][vc_column width=&#8220;1\/2&#8243;]<div class=\"zozo-features-list-wrapper vc-features-list\"><div class=\"features-list\"><div class=\"features-list-inner list-text-default\"><div class=\"features-icon\"><i class=\"fa fa-check-square list-icon\"><\/i><\/div><div class=\"list-desc\"><p>Koordination der Arbeiten der Konstruktionsabteilung des Projekts und des Designteams<\/p>\n<\/div><\/div><\/div><\/div><div class=\"zozo-features-list-wrapper vc-features-list\"><div class=\"features-list\"><div class=\"features-list-inner list-text-default\"><div class=\"features-icon\"><i class=\"fa fa-check-square list-icon\"><\/i><\/div><div class=\"list-desc\"><p>T\u00e4gliche Kontrolle des Projekts und direkte Bearbeitung auftretender Konflikte vor Ort (Materialmangel, etc.)<\/p>\n<\/div><\/div><\/div><\/div><div class=\"zozo-features-list-wrapper vc-features-list\"><div class=\"features-list\"><div class=\"features-list-inner list-text-default\"><div class=\"features-icon\"><i class=\"fa fa-check-square list-icon\"><\/i><\/div><div class=\"list-desc\"><p>Regelm\u00e4\u00dfige Berichte zum Baufortschritt \/ Erf\u00fcllung des Zeitplans<\/p>\n<\/div><\/div><\/div><\/div>[\/vc_column][\/vc_row][vc_row bg_style=&#8220;bg-normal&#8220; center_row=&#8220;yes&#8220; css=&#8220;.vc_custom_1445682138266{padding-top: 30px !important;padding-bottom: 30px !important;}&#8220;][vc_column][vc_column_text]<\/p>\n<h3>Produktion &amp; Handel von Asphaltbeton<\/h3>\n<p>2015 hat das Unternehmen in eine neue, moderne, umweltfreundliche Asphaltbetonanlage mit hoher Produktionskapazit\u00e4t investiert. In dieser Anlage werden alle Arten von Asphaltbeton hergestellt sowie recycelte und modifizierte Betonmischungen.[\/vc_column_text][\/vc_column][\/vc_row]<\/p>\n<\/div>","protected":false},"excerpt":{"rendered":"<p>[vc_row center_row=&#8220;yes&#8220; css=&#8220;.vc_custom_1467275319939{margin-top: 0px !important;margin-bottom: 0px !important;}&#8220;][vc_column][vc_column_text] Das Unternehmen ist im Bereich privater und \u00f6ffentlicher Konstruktion sowie bei der Produktion und dem Handel von Asphaltbeton aktiv. [\/vc_column_text][vc_row_inner][vc_column_inner width=&#8220;1\/3&#8243;][\/vc_column_inner][vc_column_inner width=&#8220;1\/3&#8243;][\/vc_column_inner][vc_column_inner width=&#8220;1\/3&#8243;][\/vc_column_inner][\/vc_row_inner][\/vc_column][\/vc_row][vc_row&#8230;<\/p>\n","protected":false},"author":3,"featured_media":0,"parent":0,"menu_order":0,"comment_status":"closed","ping_status":"closed","template":"template-fullwidth.php","meta":{"_exactmetrics_skip_tracking":false,"_exactmetrics_sitenote_active":false,"_exactmetrics_sitenote_note":"","_exactmetrics_sitenote_category":0,"footnotes":""},"class_list":["post-10402","page","type-page","status-publish","hentry"],"_links":{"self":[{"href":"https:\/\/dromon-ate.com\/de\/wp-json\/wp\/v2\/pages\/10402","targetHints":{"allow":["GET"]}}],"collection":[{"href":"https:\/\/dromon-ate.com\/de\/wp-json\/wp\/v2\/pages"}],"about":[{"href":"https:\/\/dromon-ate.com\/de\/wp-json\/wp\/v2\/types\/page"}],"author":[{"embeddable":true,"href":"https:\/\/dromon-ate.com\/de\/wp-json\/wp\/v2\/users\/3"}],"replies":[{"embeddable":true,"href":"https:\/\/dromon-ate.com\/de\/wp-json\/wp\/v2\/comments?post=10402"}],"version-history":[{"count":0,"href":"https:\/\/dromon-ate.com\/de\/wp-json\/wp\/v2\/pages\/10402\/revisions"}],"wp:attachment":[{"href":"https:\/\/dromon-ate.com\/de\/wp-json\/wp\/v2\/media?parent=10402"}],"curies":[{"name":"wp","href":"https:\/\/api.w.org\/{rel}","templated":true}]}}