{"id":10410,"date":"2016-06-30T13:51:05","date_gmt":"2016-06-30T11:51:05","guid":{"rendered":"http:\/\/www.dromon-ate.com\/erga\/dimosia-erga\/"},"modified":"2022-07-10T21:23:53","modified_gmt":"2022-07-10T19:23:53","slug":"oeffentliche-arbeiten","status":"publish","type":"page","link":"https:\/\/dromon-ate.com\/de\/projekte\/oeffentliche-arbeiten\/","title":{"rendered":"\u00d6FFENTLICHE ARBEITEN"},"content":{"rendered":"<div class=\"wpb-content-wrapper\"><p>[vc_row css=&#8220;.vc_custom_1467296467129{padding-top: 40px !important;}&#8220;][vc_column][vc_column_text]<\/p>\n<h6>In den Jahren seines Bestehens hat das Unternehmen eine gro\u00dfe Anzahl Arbeiten (Stra\u00dfenarbeiten, Kanalisationsarbeiten, hydraulische Projekte, etc.) als Auftragnehmer oder Subunternehmer durchgef\u00fchrt und dabei einen immer gr\u00f6\u00dferen Anteil der anstehenden Arbeiten in der Pr\u00e4fektur Thessaloniki und den benachbarten Pr\u00e4fekturen \u00fcbernommen.<\/h6>\n<p>[\/vc_column_text][vc_empty_space][\/vc_column][vc_column width=&#8220;1\/3&#8243;]<div class=\"zozo-parallax-header\"><div class=\"parallax-header\"><h5 class=\"parallax-title text-center\">Qualit\u00e4tssteigerung \/ Verbesserung der alten Landstra\u00dfe von Neu-Moudania nach Neu-Triglia.<\/h5><\/div><\/div>[vc_gallery type=&#8220;flexslider_slide&#8220; interval=&#8220;0&#8243; images=&#8220;10365,10366,10364,11292&#8243; img_size=&#8220;medium&#8220;][\/vc_column][vc_column width=&#8220;1\/3&#8243;]<div class=\"zozo-parallax-header\"><div class=\"parallax-header\"><h5 class=\"parallax-title text-center\">Schadensbeseitigung am Asphaltbelag und Fahrbahnmarkierung an der Landstra\u00dfe No. 28 von Plagiari nach Epanomi.<\/h5><\/div><\/div>[vc_gallery type=&#8220;flexslider_slide&#8220; interval=&#8220;0&#8243; images=&#8220;10253,10255,10256,10257&#8243; img_size=&#8220;370&#215;277&#8243;][\/vc_column][vc_column width=&#8220;1\/3&#8243;]<div class=\"zozo-parallax-header\"><div class=\"parallax-header\"><h5 class=\"parallax-title text-center\">Verbesserung der geometrischen Merkmale der Landstra\u00dfe von Oraiokastro nach Thessaloniki (km.Pos. 0+518 bis 4+538).<\/h5><\/div><\/div>[vc_gallery type=&#8220;flexslider_slide&#8220; interval=&#8220;0&#8243; images=&#8220;10194,10190,10189,10210&#8243; img_size=&#8220;medium&#8220;][\/vc_column][vc_column][vc_empty_space height=&#8220;40px&#8220;][vc_separator color=&#8220;orange&#8220;][\/vc_column][\/vc_row][vc_row css=&#8220;.vc_custom_1467287462169{padding-top: 30px !important;}&#8220;][vc_column width=&#8220;1\/3&#8243;]<div class=\"zozo-parallax-header\"><div class=\"parallax-header\"><h5 class=\"parallax-title text-center\">Stadtgemeinde Thermaikos: Wiederherstellung der Stra\u00dfe des 25. M\u00e4rz vom Rathaus bis zum Friedhof.<\/h5><\/div><\/div>[vc_gallery type=&#8220;flexslider_slide&#8220; interval=&#8220;0&#8243; images=&#8220;10294,10295,10852&#8243; img_size=&#8220;medium&#8220;][\/vc_column][vc_column width=&#8220;1\/3&#8243;]<div class=\"zozo-parallax-header\"><div class=\"parallax-header\"><h5 class=\"parallax-title text-center\">Asphaltierung der Stra\u00dfen der Stadtgemeinde Kalamaria im Jahre 2012.<\/h5><\/div><\/div>[vc_gallery type=&#8220;flexslider_slide&#8220; interval=&#8220;0&#8243; images=&#8220;10298,10297,10299,10301&#8243; img_size=&#8220;medium&#8220;][\/vc_column][vc_column width=&#8220;1\/3&#8243;]<div class=\"zozo-parallax-header\"><div class=\"parallax-header\"><h5 class=\"parallax-title text-center\">Gemeindestra\u00dfenbau im Jahre 2007, in der Stadtgemeinde Kalamaria.<\/h5><\/div><\/div>[vc_gallery type=&#8220;flexslider_slide&#8220; interval=&#8220;0&#8243; images=&#8220;10382,10383,10384,10385&#8243; img_size=&#8220;medium&#8220;][\/vc_column][vc_column][vc_empty_space height=&#8220;40px&#8220;][vc_separator color=&#8220;orange&#8220;][\/vc_column][\/vc_row][vc_row css=&#8220;.vc_custom_1467287462169{padding-top: 30px !important;}&#8220;][vc_column width=&#8220;1\/3&#8243;]<div class=\"zozo-parallax-header\"><div class=\"parallax-header\"><h5 class=\"parallax-title text-center\">Asphaltierung der Regionalstra\u00dfe, die Kerasia mit der im Bau befindlichen Stra\u00dfe von Neu-Michaniona nach Plagiari verbindet.<\/h5><\/div><\/div>[vc_gallery type=&#8220;flexslider_slide&#8220; interval=&#8220;0&#8243; images=&#8220;10309,10310,10312,10313&#8243; img_size=&#8220;medium&#8220;][\/vc_column][vc_column width=&#8220;1\/3&#8243;]<div class=\"zozo-parallax-header\"><div class=\"parallax-header\"><h5 class=\"parallax-title text-center\">Dringende Wiedergutmachungsarbeiten an den Schutzvorkehrungen einer Kraftstoffleitung.<\/h5><\/div><\/div>[vc_gallery type=&#8220;flexslider_slide&#8220; interval=&#8220;0&#8243; images=&#8220;10314,10315,10316,10317&#8243; img_size=&#8220;medium&#8220;][\/vc_column][vc_column width=&#8220;1\/3&#8243;]<div class=\"zozo-parallax-header\"><div class=\"parallax-header\"><h5 class=\"parallax-title text-center\">J\u00e4hrliche Wartung des regionalen und nationalen Stra\u00dfennetzes im Landbezirk von Thessaloniki \u2013 Au\u00dferordentliche Eingriffe der Jahren 2011~2012.<\/h5><\/div><\/div>[vc_gallery type=&#8220;flexslider_slide&#8220; interval=&#8220;0&#8243; images=&#8220;10175,10174,10173,10172&#8243; img_size=&#8220;medium&#8220;][\/vc_column][vc_column][vc_empty_space height=&#8220;40px&#8220;][vc_separator color=&#8220;orange&#8220;][\/vc_column][\/vc_row][vc_row css=&#8220;.vc_custom_1467287462169{padding-top: 30px !important;}&#8220;][vc_column width=&#8220;1\/3&#8243;]<div class=\"zozo-parallax-header\"><div class=\"parallax-header\"><h5 class=\"parallax-title text-center\">Erneuerung der B\u00fcrgersteige der Karaoli-Dimitriou-Str. in der Stadtgemeinde Thermi.<\/h5><\/div><\/div>[vc_gallery type=&#8220;flexslider_slide&#8220; interval=&#8220;0&#8243; images=&#8220;10216,10217&#8243;][\/vc_column][vc_column width=&#8220;1\/3&#8243;]<div class=\"zozo-parallax-header\"><div class=\"parallax-header\"><h5 class=\"parallax-title text-center\">Wartung der Asphaltbel\u00e4ge an Teilen des Stra\u00dfennetzes der Stadtgemeinde Pylaia \/ Chortiatis im Landbezirk von Thessaloniki.<\/h5><\/div><\/div>[vc_gallery type=&#8220;flexslider_slide&#8220; interval=&#8220;0&#8243; images=&#8220;10379,10380,10381&#8243; img_size=&#8220;medium&#8220;][\/vc_column][vc_column width=&#8220;1\/3&#8243;]<div class=\"zozo-parallax-header\"><div class=\"parallax-header\"><h5 class=\"parallax-title text-center\">Asphaltierung der Stra\u00dfen von Keli nach Ormylia der Stadtgemeinde Polygyros. Auftragnehmer: Dromon Bau-A.G.<\/h5><\/div><\/div>[vc_gallery type=&#8220;flexslider_slide&#8220; interval=&#8220;0&#8243; images=&#8220;10224,10219,10222,10218&#8243; img_size=&#8220;medium&#8220;][\/vc_column][vc_column][vc_empty_space height=&#8220;40px&#8220;][vc_separator color=&#8220;orange&#8220;][\/vc_column][\/vc_row][vc_row css=&#8220;.vc_custom_1467287462169{padding-top: 30px !important;}&#8220;][vc_column width=&#8220;1\/3&#8243;]<div class=\"zozo-parallax-header\"><div class=\"parallax-header\"><h5 class=\"parallax-title text-center\">Stra\u00dfenverbindung des Gemeindeteils Neu-Triglia mit der Deponie f\u00fcr hygienische Abfallentsorgung des Verwaltungsbezirks von Chalkidiki.<\/h5><\/div><\/div>[vc_gallery type=&#8220;flexslider_slide&#8220; interval=&#8220;0&#8243; images=&#8220;10375,10376,10377,10378&#8243; img_size=&#8220;medium&#8220;][\/vc_column][vc_column width=&#8220;1\/3&#8243;]<div class=\"zozo-parallax-header\"><div class=\"parallax-header\"><h5 class=\"parallax-title text-center\">Verwaltungsbezirk von Chalkidiki.<\/h5><\/div><\/div>[vc_gallery type=&#8220;flexslider_slide&#8220; interval=&#8220;0&#8243; images=&#8220;10387,10378,10377,10376&#8243; img_size=&#8220;medium&#8220;][\/vc_column][vc_column width=&#8220;1\/3&#8243;]<div class=\"zozo-parallax-header\"><div class=\"parallax-header\"><h5 class=\"parallax-title text-center\">Feldstra\u00dfe von Sana nach Kalamoto.<\/h5><\/div><\/div>[vc_gallery type=&#8220;flexslider_slide&#8220; interval=&#8220;0&#8243; images=&#8220;10236,10238,10239,10240&#8243;][\/vc_column][vc_column][vc_empty_space height=&#8220;40px&#8220;][vc_separator color=&#8220;orange&#8220;][\/vc_column][\/vc_row][vc_row css=&#8220;.vc_custom_1467287462169{padding-top: 30px !important;}&#8220;][vc_column width=&#8220;1\/3&#8243;]<div class=\"zozo-parallax-header\"><div class=\"parallax-header\"><h5 class=\"parallax-title text-center\">Feldstra\u00dfe zur Siedlung Taxiarchis des Stadtgemeinde Polygyros.<\/h5><\/div><\/div>[vc_gallery type=&#8220;flexslider_slide&#8220; interval=&#8220;0&#8243; images=&#8220;10235,10234,10233,10232&#8243; img_size=&#8220;medium&#8220;][\/vc_column][vc_column width=&#8220;1\/3&#8243;]<div class=\"zozo-parallax-header\"><div class=\"parallax-header\"><h5 class=\"parallax-title text-center\">Verbesserung der Verkehrssicherheit an der Stra\u00dfenachse von Thessaloniki nach Polygyros, am Teilst\u00fcck zwischen Thermi und Galatista.<\/h5><\/div><\/div>[vc_gallery type=&#8220;flexslider_slide&#8220; interval=&#8220;0&#8243; images=&#8220;10186,10225,10231,10227&#8243; img_size=&#8220;medium&#8220;][\/vc_column][vc_column width=&#8220;1\/3&#8243;]<div class=\"zozo-parallax-header\"><div class=\"parallax-header\"><h5 class=\"parallax-title text-center\">Umgehungsstra\u00dfe von Polygyros P.K.M.<\/h5><\/div><\/div>[vc_gallery type=&#8220;flexslider_slide&#8220; interval=&#8220;0&#8243; images=&#8220;10242,10243,10244,10247&#8243; img_size=&#8220;medium&#8220;][\/vc_column][vc_column][vc_empty_space height=&#8220;40px&#8220;][vc_separator color=&#8220;orange&#8220;][\/vc_column][\/vc_row]<\/p>\n<\/div>","protected":false},"excerpt":{"rendered":"<p>[vc_row css=&#8220;.vc_custom_1467296467129{padding-top: 40px !important;}&#8220;][vc_column][vc_column_text] In den Jahren seines Bestehens hat das Unternehmen eine gro\u00dfe Anzahl Arbeiten (Stra\u00dfenarbeiten, Kanalisationsarbeiten, hydraulische Projekte, etc.) als Auftragnehmer oder Subunternehmer durchgef\u00fchrt und dabei einen immer&#8230;<\/p>\n","protected":false},"author":3,"featured_media":0,"parent":10406,"menu_order":0,"comment_status":"closed","ping_status":"closed","template":"","meta":{"_exactmetrics_skip_tracking":false,"_exactmetrics_sitenote_active":false,"_exactmetrics_sitenote_note":"","_exactmetrics_sitenote_category":0,"footnotes":""},"class_list":["post-10410","page","type-page","status-publish","hentry"],"_links":{"self":[{"href":"https:\/\/dromon-ate.com\/de\/wp-json\/wp\/v2\/pages\/10410","targetHints":{"allow":["GET"]}}],"collection":[{"href":"https:\/\/dromon-ate.com\/de\/wp-json\/wp\/v2\/pages"}],"about":[{"href":"https:\/\/dromon-ate.com\/de\/wp-json\/wp\/v2\/types\/page"}],"author":[{"embeddable":true,"href":"https:\/\/dromon-ate.com\/de\/wp-json\/wp\/v2\/users\/3"}],"replies":[{"embeddable":true,"href":"https:\/\/dromon-ate.com\/de\/wp-json\/wp\/v2\/comments?post=10410"}],"version-history":[{"count":0,"href":"https:\/\/dromon-ate.com\/de\/wp-json\/wp\/v2\/pages\/10410\/revisions"}],"up":[{"embeddable":true,"href":"https:\/\/dromon-ate.com\/de\/wp-json\/wp\/v2\/pages\/10406"}],"wp:attachment":[{"href":"https:\/\/dromon-ate.com\/de\/wp-json\/wp\/v2\/media?parent=10410"}],"curies":[{"name":"wp","href":"https:\/\/api.w.org\/{rel}","templated":true}]}}