{"id":10423,"date":"2015-10-27T07:20:22","date_gmt":"2015-10-27T07:20:22","guid":{"rendered":"http:\/\/www.dromon-ate.com\/eteria\/"},"modified":"2017-03-10T15:43:53","modified_gmt":"2017-03-10T13:43:53","slug":"das-unternehmen","status":"publish","type":"page","link":"https:\/\/dromon-ate.com\/de\/das-unternehmen\/","title":{"rendered":"DAS UNTERNEHMEN"},"content":{"rendered":"<div class=\"wpb-content-wrapper\"><p>[vc_row bg_style=&#8220;dark-wrapper&#8220; center_row=&#8220;yes&#8220; typo_style=&#8220;light&#8220; css=&#8220;.vc_custom_1441791474829{padding-top: 45px !important;padding-bottom: 45px !important;}&#8220;][vc_column]<div class=\"zozo-parallax-header\"><div class=\"parallax-header\"><h3 class=\"parallax-title text-center\">Das Unternehmen DROMON TECHNISCHE-KONSTRUKTION S.A.<\/h3><div class=\"parallax-desc default-style text-center\"><p>in Thessaloniki ist vor allem im Bereich von Asphaltarbeiten aktiv und ist ein Bauunternehmen in diesem Bereich seit 1968 mit Erfahrungen, die \u201ez\u00e4hlen\u201c. Mit dem Schwerpunkt in Thessaloniki wurde das Unternehmen in seiner derzeitigen Form 2007 von Herrn Koumiotis Georgios und Herrn Koumiotis Moschos, beides erfahrene Auftragnehmer im \u00f6ffentlichen Bereich, etabliert.<\/p>\n<\/div><\/div><\/div>[\/vc_column][\/vc_row][vc_row center_row=&#8220;yes&#8220;][vc_column][vc_row_inner][vc_column_inner width=&#8220;1\/2&#8243;][vc_column_text]<\/p>\n<p style=\"text-align: justify;\">Heute ist DROMON TECHNISCHE-KONSTRUKTION S.A. ein bekanntes Unternehmen im Bereich privater und \u00f6ffentlicher Projekte sowie bei der Produktion und dem Handel von Asphaltbeton. Mit seiner Spezialisierung auf Stra\u00dfenarbeiten, Hydraulikprojekte, Hafenarbeiten, Konstruktion, Industrie-\/Energieprojekte und seinen kompetenten Ingenieuren, Vorarbeitern, Anlagenbedienern <strong>und Handwerkern kann das Unternehmen die Konstruktion aller Arten von \u00f6ffentlichen und privaten Projekten mit Erfolg durchf\u00fchren.<\/strong><\/p>\n<p>[\/vc_column_text][vc_single_image image=&#8220;10339&#8243; img_size=&#8220;565&#215;165&#8243;][\/vc_column_inner][vc_column_inner width=&#8220;1\/2&#8243;][vc_single_image image=&#8220;10338&#8243; img_size=&#8220;565&#215;165&#8243;][vc_column_text]Dank seiner starken und substantiellen Pr\u00e4senz im Bereich, seinem exzellenten Wissen und den Einblicken in das Gesch\u00e4ft sowie dem st\u00e4ndigen Ausbau der Aktivit\u00e4ten ist das Unternehmen in den letzten Jahren kontinuierlich gewachsen und hat das Ziel, bald zu den gr\u00f6\u00dften und bekanntesten Unternehmen in diesem Bereich zu geh\u00f6ren.[\/vc_column_text][\/vc_column_inner][vc_column_inner][vc_empty_space height=&#8220;40px&#8220;][\/vc_column_inner][\/vc_row_inner][vc_row_inner css=&#8220;.vc_custom_1440995448065{margin-top: 50px !important;}&#8220;][vc_column_inner]<div class=\"zozo-parallax-header\"><div class=\"parallax-header\"><h4 class=\"parallax-title text-center\">Ziele<\/h4><div class=\"parallax-desc default-style text-center\"><p>Die Ziele des Unternehmens sind:<\/p>\n<\/div><\/div><\/div>[\/vc_column_inner][vc_column_inner width=&#8220;1\/3&#8243;]<div class=\"zozo-features-list-wrapper vc-features-list\"><div class=\"features-list\"><div class=\"features-list-inner list-text-default\"><div class=\"features-icon\"><i class=\"fa fa-hand-o-right list-icon\"><\/i><\/div><div class=\"list-desc\"><p>Alles Erdenkliche zu tun, damit die Produkte und Dienstleistungen den Anforderungen unserer Kunden voll entsprechen..<\/p>\n<\/div><\/div><\/div><\/div><div class=\"zozo-features-list-wrapper vc-features-list\"><div class=\"features-list\"><div class=\"features-list-inner list-text-default\"><div class=\"features-icon\"><i class=\"fa fa-hand-o-right list-icon\"><\/i><\/div><div class=\"list-desc\"><p>Die W\u00fcnsche und Anspr\u00fcche unserer Kunden voll zu erf\u00fcllen, indem hochqualitative Produkte zu attraktiven Preisen angeboten werden, die gew\u00fcnschte Lieferzeit und die Zuverl\u00e4ssigkeit eingehalten wird.<\/p>\n<\/div><\/div><\/div><\/div>[\/vc_column_inner][vc_column_inner width=&#8220;1\/3&#8243;]<div class=\"zozo-features-list-wrapper vc-features-list\"><div class=\"features-list\"><div class=\"features-list-inner list-text-default\"><div class=\"features-icon\"><i class=\"fa fa-hand-o-right list-icon\"><\/i><\/div><div class=\"list-desc\"><p>Einen erfolgreichen Kurs auf dem griechischen Markt zu verfolgen, und dabei den Anteil sowohl auf dem nationalen Markt als auch im Balkan allgemein zu erh\u00f6hen.<\/p>\n<\/div><\/div><\/div><\/div><div class=\"zozo-features-list-wrapper vc-features-list\"><div class=\"features-list\"><div class=\"features-list-inner list-text-default\"><div class=\"features-icon\"><i class=\"fa fa-hand-o-right list-icon\"><\/i><\/div><div class=\"list-desc\"><p>Kontinuierlich unsere Dienste zu begutachten und zu verbessern und hochqualitative Produkte den Bed\u00fcrfnissen unserer Kunden entsprechend, anzubieten.<\/p>\n<\/div><\/div><\/div><\/div>[\/vc_column_inner][vc_column_inner width=&#8220;1\/3&#8243;]<div class=\"zozo-features-list-wrapper vc-features-list\"><div class=\"features-list\"><div class=\"features-list-inner list-text-default\"><div class=\"features-icon\"><i class=\"fa fa-hand-o-right list-icon\"><\/i><\/div><div class=\"list-desc\"><p>Das Qualit\u00e4tsmanagementsystem zuverl\u00e4ssig umzusetzen und alles Erdenkliche zu tun, um die Effektivit\u00e4t konstant zu verbessern.<\/p>\n<\/div><\/div><\/div><\/div><div class=\"zozo-features-list-wrapper vc-features-list\"><div class=\"features-list\"><div class=\"features-list-inner list-text-default\"><div class=\"features-icon\"><i class=\"fa fa-hand-o-right list-icon\"><\/i><\/div><div class=\"list-desc\"><p>Den erfolgreichen Kurs auf Basis internationaler Standards weiter zu verfolgen und so ein konkurrenzf\u00e4higer Wettbewerber der gro\u00dfen Wirtschaftseinheiten in diesem Bereich zu werden sowie in Projekte und Infrastrukturen zu investieren, die eine lange Lebensdauer haben und so die Stabilit\u00e4t zu erhalten.<\/p>\n<\/div><\/div><\/div><\/div>[\/vc_column_inner][\/vc_row_inner][\/vc_column][\/vc_row]<\/p>\n<\/div>","protected":false},"excerpt":{"rendered":"<p>[vc_row bg_style=&#8220;dark-wrapper&#8220; center_row=&#8220;yes&#8220; typo_style=&#8220;light&#8220; css=&#8220;.vc_custom_1441791474829{padding-top: 45px !important;padding-bottom: 45px !important;}&#8220;][vc_column][\/vc_column][\/vc_row][vc_row center_row=&#8220;yes&#8220;][vc_column][vc_row_inner][vc_column_inner width=&#8220;1\/2&#8243;][vc_column_text] Heute ist DROMON TECHNISCHE-KONSTRUKTION S.A. ein bekanntes Unternehmen im Bereich privater und \u00f6ffentlicher Projekte sowie bei der Produktion und&#8230;<\/p>\n","protected":false},"author":3,"featured_media":0,"parent":0,"menu_order":0,"comment_status":"closed","ping_status":"closed","template":"template-fullwidth.php","meta":{"_exactmetrics_skip_tracking":false,"_exactmetrics_sitenote_active":false,"_exactmetrics_sitenote_note":"","_exactmetrics_sitenote_category":0,"footnotes":""},"class_list":["post-10423","page","type-page","status-publish","hentry"],"_links":{"self":[{"href":"https:\/\/dromon-ate.com\/de\/wp-json\/wp\/v2\/pages\/10423","targetHints":{"allow":["GET"]}}],"collection":[{"href":"https:\/\/dromon-ate.com\/de\/wp-json\/wp\/v2\/pages"}],"about":[{"href":"https:\/\/dromon-ate.com\/de\/wp-json\/wp\/v2\/types\/page"}],"author":[{"embeddable":true,"href":"https:\/\/dromon-ate.com\/de\/wp-json\/wp\/v2\/users\/3"}],"replies":[{"embeddable":true,"href":"https:\/\/dromon-ate.com\/de\/wp-json\/wp\/v2\/comments?post=10423"}],"version-history":[{"count":0,"href":"https:\/\/dromon-ate.com\/de\/wp-json\/wp\/v2\/pages\/10423\/revisions"}],"wp:attachment":[{"href":"https:\/\/dromon-ate.com\/de\/wp-json\/wp\/v2\/media?parent=10423"}],"curies":[{"name":"wp","href":"https:\/\/api.w.org\/{rel}","templated":true}]}}